{"id":546,"date":"2025-12-09T16:54:20","date_gmt":"2025-12-09T16:54:20","guid":{"rendered":"https:\/\/www.agropark-dabrowkanowa.pl\/ueber-uns\/"},"modified":"2026-04-09T10:36:45","modified_gmt":"2026-04-09T10:36:45","slug":"ueber-uns","status":"publish","type":"page","link":"https:\/\/www.agropark-dabrowkanowa.pl\/de\/ueber-uns\/","title":{"rendered":"\u00dcber uns"},"content":{"rendered":"<p><div class=\"fusion-fullwidth fullwidth-box fusion-builder-row-1 fusion-flex-container nonhundred-percent-fullwidth non-hundred-percent-height-scrolling\" style=\"--link_hover_color: var(--awb-color5);--link_color: var(--awb-color5);--awb-border-sizes-top:0px;--awb-border-sizes-bottom:0px;--awb-border-sizes-left:0px;--awb-border-sizes-right:0px;--awb-border-color:var(--awb-color3);--awb-border-radius-top-left:0px;--awb-border-radius-top-right:0px;--awb-border-radius-bottom-right:0px;--awb-border-radius-bottom-left:0px;--awb-padding-top:0px;--awb-padding-top-medium:60px;--awb-padding-bottom-medium:60px;--awb-padding-top-small:50px;--awb-padding-right-small:50px;--awb-padding-bottom-small:50px;--awb-padding-left-small:50px;--awb-margin-top:0px;--awb-margin-bottom:0px;--awb-background-color:var(--awb-color1);--awb-flex-wrap:wrap;\" ><div class=\"fusion-builder-row fusion-row fusion-flex-align-items-center fusion-flex-justify-content-center fusion-flex-content-wrap\" style=\"max-width:1248px;margin-left: calc(-4% \/ 2 );margin-right: calc(-4% \/ 2 );\"><div class=\"fusion-layout-column fusion_builder_column fusion-builder-column-0 fusion_builder_column_1_1 1_1 fusion-flex-column\" style=\"--awb-overflow:hidden;--awb-bg-position:center bottom;--awb-bg-size:cover;--awb-border-radius:20px 20px 20px 20px;--awb-width-large:100%;--awb-margin-top-large:0px;--awb-spacing-right-large:1.92%;--awb-margin-bottom-large:20px;--awb-spacing-left-large:1.92%;--awb-width-medium:100%;--awb-order-medium:0;--awb-spacing-right-medium:1.92%;--awb-spacing-left-medium:1.92%;--awb-width-small:100%;--awb-order-small:0;--awb-spacing-right-small:1.92%;--awb-spacing-left-small:1.92%;\"><div class=\"fusion-column-wrapper lazyload fusion-column-has-shadow fusion-flex-justify-content-flex-start fusion-content-layout-column fusion-column-has-bg-image\" data-bg-url=\"http:\/\/www.agropark-dabrowkanowa.pl\/wp-content\/uploads\/2025\/12\/5deefc10-b19b-4efe-bfe8-7d51f543d246.jpeg\" data-bg=\"http:\/\/www.agropark-dabrowkanowa.pl\/wp-content\/uploads\/2025\/12\/5deefc10-b19b-4efe-bfe8-7d51f543d246.jpeg\"><div class=\"fusion-separator fusion-full-width-sep\" style=\"align-self: center;margin-left: auto;margin-right: auto;margin-top:200px;margin-bottom:200px;width:100%;\"><\/div><\/div><\/div><div class=\"fusion-layout-column fusion_builder_column fusion-builder-column-1 fusion_builder_column_1_1 1_1 fusion-flex-column fusion-flex-align-self-center\" style=\"--awb-padding-top:26px;--awb-bg-size:cover;--awb-width-large:100%;--awb-margin-top-large:22px;--awb-spacing-right-large:1.92%;--awb-margin-bottom-large:0px;--awb-spacing-left-large:1.92%;--awb-width-medium:100%;--awb-order-medium:0;--awb-spacing-right-medium:1.92%;--awb-spacing-left-medium:1.92%;--awb-width-small:100%;--awb-order-small:0;--awb-spacing-right-small:1.92%;--awb-spacing-left-small:1.92%;\"><div class=\"fusion-column-wrapper fusion-column-has-shadow fusion-flex-justify-content-center fusion-content-layout-column\"><div class=\"fusion-text fusion-text-1\" style=\"--awb-content-alignment:center;--awb-text-color:#055434;\"><p>Camping AgroPark D\u0105br\u00f3wka Nowa ist ein moderner, liebevoll gestalteter Campingplatz in ruhiger, gr\u00fcner Lage direkt vor den Toren von Bydgoszcz. Hier verbinden sich Natur, komfortable Infrastruktur und vielf\u00e4ltige Freizeitangebote zu einem erholsamen Aufenthalt f\u00fcr die ganze Familie.&nbsp;<\/p>\n<\/div><div class=\"fusion-text fusion-text-2\" style=\"--awb-content-alignment:center;--awb-text-color:#055434;\"><p>Unser Gel\u00e4nde bietet neben den \u00dcbernachtungsm\u00f6glichkeiten auch zahlreiche Attraktionen, die allen Besuchern offenstehen \u2013 unabh\u00e4ngig davon, ob sie bei uns \u00fcbernachten.<\/p>\n<p>Wichtig: Der eigentliche Campingbereich ist ausschlie\u00dflich unseren \u00dcbernachtungsg\u00e4sten vorbehalten. Nur sie haben Zugang zu den Stellpl\u00e4tzen, zum Campingfeld und zur kompletten Camping-Infrastruktur. Tagesg\u00e4ste k\u00f6nnen die \u00f6ffentlich zug\u00e4nglichen Freizeitangebote nutzen, der Zugang bzw. die Zufahrt erfolgt seperat von der anderen Seite des Grundst\u00fccks.<\/p>\n<\/div><\/div><\/div><div class=\"fusion-layout-column fusion_builder_column fusion-builder-column-2 fusion_builder_column_3_5 3_5 fusion-flex-column\" style=\"--awb-bg-size:cover;--awb-width-large:60%;--awb-margin-top-large:36px;--awb-spacing-right-large:3.2%;--awb-margin-bottom-large:20px;--awb-spacing-left-large:3.2%;--awb-width-medium:60%;--awb-order-medium:0;--awb-spacing-right-medium:3.2%;--awb-spacing-left-medium:3.2%;--awb-width-small:100%;--awb-order-small:0;--awb-spacing-right-small:1.92%;--awb-spacing-left-small:1.92%;\"><div class=\"fusion-column-wrapper fusion-column-has-shadow fusion-flex-justify-content-flex-start fusion-content-layout-column\"><div class=\"fusion-title title fusion-title-1 fusion-sep-none fusion-title-text fusion-title-size-two\" style=\"--awb-text-color:var(--awb-color8);--awb-margin-top:20px;--awb-margin-bottom:20px;--awb-margin-top-small:10px;--awb-margin-right-small:0px;--awb-margin-bottom-small:10px;--awb-margin-left-small:0px;\"><h2 class=\"fusion-title-heading title-heading-left awb-gradient-text fusion-responsive-typography-calculated\" style=\"font-family:Garamond, serif;font-style:normal;font-weight:400;margin:0;background-color:var(--awb-color4);background-image:linear-gradient(150deg, var(--awb-color4) 20%,var(--awb-color8) 100%);--fontSize:48;line-height:var(--awb-typography1-line-height);\"><strong>Unser Campingplatz<\/strong><\/h2><\/div><div class=\"fusion-text fusion-text-3\" style=\"--awb-text-color:#055434;\"><p>F\u00fcr G\u00e4ste, die mit Wohnmobil, Wohnwagen oder Zelt reisen, stehen gro\u00dfz\u00fcgig angelegte Stellpl\u00e4tze sowie Parzellen zur Verf\u00fcgung. Auf dem Gel\u00e4nde finden Sie Trinkwasserentnahmestellen, Stromanschl\u00fcsse, eine Entleerungsstation f\u00fcr Chemietoiletten sowie einen Abwasserausguss.<\/p>\n<p>Direkt am Teich befinden sich 9 separate Parzellen, hinzu kommen 24\u201326 weitere Stellpl\u00e4tze auf dem \u00fcbrigen Campingfeld. Die Anordnung der Pl\u00e4tze sorgt f\u00fcr viel Ruhe, Privatsph\u00e4re und einen entspannten Aufenthalt im Gr\u00fcnen.<\/p>\n<\/div><\/div><\/div><div class=\"fusion-layout-column fusion_builder_column fusion-builder-column-3 fusion_builder_column_2_5 2_5 fusion-flex-column fusion-flex-align-self-flex-start\" style=\"--awb-bg-size:cover;--awb-width-large:40%;--awb-margin-top-large:36px;--awb-spacing-right-large:4.8%;--awb-margin-bottom-large:30px;--awb-spacing-left-large:4.8%;--awb-width-medium:40%;--awb-order-medium:0;--awb-spacing-right-medium:4.8%;--awb-spacing-left-medium:4.8%;--awb-width-small:100%;--awb-order-small:0;--awb-spacing-right-small:1.92%;--awb-spacing-left-small:1.92%;\"><div class=\"fusion-column-wrapper fusion-column-has-shadow fusion-flex-justify-content-center fusion-content-layout-column\"><div class=\"fusion-title title fusion-title-2 fusion-sep-none fusion-title-text fusion-title-size-one\" style=\"--awb-text-color:var(--awb-color8);--awb-margin-top:20px;--awb-margin-bottom:20px;--awb-margin-top-small:10px;--awb-margin-right-small:0px;--awb-margin-bottom-small:10px;--awb-margin-left-small:0px;\"><h1 class=\"fusion-title-heading title-heading-left awb-gradient-text fusion-responsive-typography-calculated\" style=\"font-family:Garamond, serif;font-style:normal;font-weight:400;margin:0;background-color:var(--awb-color4);background-image:linear-gradient(150deg, var(--awb-color4) 20%,var(--awb-color8) 100%);--fontSize:64;line-height:var(--awb-typography1-line-height);\"><\/h1><\/div><div class=\"fusion-image-element \" style=\"--awb-max-width:400px;--awb-caption-title-font-family:var(--h2_typography-font-family);--awb-caption-title-font-weight:var(--h2_typography-font-weight);--awb-caption-title-font-style:var(--h2_typography-font-style);--awb-caption-title-size:var(--h2_typography-font-size);--awb-caption-title-transform:var(--h2_typography-text-transform);--awb-caption-title-line-height:var(--h2_typography-line-height);--awb-caption-title-letter-spacing:var(--h2_typography-letter-spacing);\"><span class=\" fusion-imageframe imageframe-none imageframe-1 hover-type-none\" style=\"border-radius:20px;\"><img decoding=\"async\" width=\"1179\" height=\"873\" title=\"cfeccf80-5c74-43ec-a1ea-be1e69ec2999\" src=\"https:\/\/www.agropark-dabrowkanowa.pl\/wp-content\/uploads\/2025\/12\/cfeccf80-5c74-43ec-a1ea-be1e69ec2999.jpeg\" data-orig-src=\"http:\/\/www.agropark-dabrowkanowa.pl\/wp-content\/uploads\/2025\/12\/cfeccf80-5c74-43ec-a1ea-be1e69ec2999.jpeg\" alt class=\"lazyload img-responsive wp-image-547\" srcset=\"data:image\/svg+xml,%3Csvg%20xmlns%3D%27http%3A%2F%2Fwww.w3.org%2F2000%2Fsvg%27%20width%3D%271179%27%20height%3D%27873%27%20viewBox%3D%270%200%201179%20873%27%3E%3Crect%20width%3D%271179%27%20height%3D%27873%27%20fill-opacity%3D%220%22%2F%3E%3C%2Fsvg%3E\" data-srcset=\"https:\/\/www.agropark-dabrowkanowa.pl\/wp-content\/uploads\/2025\/12\/cfeccf80-5c74-43ec-a1ea-be1e69ec2999-200x148.jpeg 200w, https:\/\/www.agropark-dabrowkanowa.pl\/wp-content\/uploads\/2025\/12\/cfeccf80-5c74-43ec-a1ea-be1e69ec2999-400x296.jpeg 400w, https:\/\/www.agropark-dabrowkanowa.pl\/wp-content\/uploads\/2025\/12\/cfeccf80-5c74-43ec-a1ea-be1e69ec2999-600x444.jpeg 600w, https:\/\/www.agropark-dabrowkanowa.pl\/wp-content\/uploads\/2025\/12\/cfeccf80-5c74-43ec-a1ea-be1e69ec2999-800x592.jpeg 800w, https:\/\/www.agropark-dabrowkanowa.pl\/wp-content\/uploads\/2025\/12\/cfeccf80-5c74-43ec-a1ea-be1e69ec2999.jpeg 1179w\" data-sizes=\"auto\" data-orig-sizes=\"(max-width: 640px) 100vw, 600px\" \/><\/span><\/div><\/div><\/div><\/div><\/div><div class=\"fusion-fullwidth fullwidth-box fusion-builder-row-2 fusion-flex-container has-pattern-background has-mask-background nonhundred-percent-fullwidth non-hundred-percent-height-scrolling\" style=\"--awb-border-radius-top-left:0px;--awb-border-radius-top-right:0px;--awb-border-radius-bottom-right:0px;--awb-border-radius-bottom-left:0px;--awb-flex-wrap:wrap;\" ><div class=\"fusion-builder-row fusion-row fusion-flex-align-items-flex-start fusion-flex-content-wrap\" style=\"max-width:1248px;margin-left: calc(-4% \/ 2 );margin-right: calc(-4% \/ 2 );\"><\/div><\/div><div class=\"fusion-fullwidth fullwidth-box fusion-builder-row-3 fusion-flex-container nonhundred-percent-fullwidth non-hundred-percent-height-scrolling\" style=\"--link_hover_color: var(--awb-color5);--link_color: var(--awb-color5);--awb-border-sizes-top:0px;--awb-border-sizes-bottom:0px;--awb-border-sizes-left:0px;--awb-border-sizes-right:0px;--awb-border-color:var(--awb-color3);--awb-border-radius-top-left:0px;--awb-border-radius-top-right:0px;--awb-border-radius-bottom-right:0px;--awb-border-radius-bottom-left:0px;--awb-padding-top:16px;--awb-padding-bottom:50px;--awb-padding-top-medium:60px;--awb-padding-bottom-medium:60px;--awb-padding-top-small:50px;--awb-padding-right-small:50px;--awb-padding-bottom-small:50px;--awb-padding-left-small:50px;--awb-margin-top:16px;--awb-margin-bottom:0px;--awb-background-color:var(--awb-color1);--awb-flex-wrap:wrap;\" ><div class=\"fusion-builder-row fusion-row fusion-flex-align-items-stretch fusion-flex-justify-content-center fusion-flex-content-wrap\" style=\"max-width:1248px;margin-left: calc(-4% \/ 2 );margin-right: calc(-4% \/ 2 );\"><div class=\"fusion-layout-column fusion_builder_column fusion-builder-column-4 fusion_builder_column_1_3 1_3 fusion-flex-column fusion-flex-align-self-flex-end\" style=\"--awb-overflow:hidden;--awb-bg-size:cover;--awb-border-radius:20px 20px 20px 20px;--awb-width-large:33.333333333333%;--awb-margin-top-large:0px;--awb-spacing-right-large:5.76%;--awb-margin-bottom-large:0px;--awb-spacing-left-large:5.76%;--awb-width-medium:33.333333333333%;--awb-order-medium:0;--awb-spacing-right-medium:5.76%;--awb-spacing-left-medium:5.76%;--awb-width-small:100%;--awb-order-small:0;--awb-spacing-right-small:1.92%;--awb-spacing-left-small:1.92%;\"><div class=\"fusion-column-wrapper fusion-column-has-shadow fusion-flex-justify-content-center fusion-content-layout-column\"><div class=\"awb-openstreet-map awb-openstreet-map-1\" data-map-style=\"osm-carto\" data-map-type=\"marker\" data-zoom=\"10.3\" data-zoomsnap=\"0.4\" data-zoomcontrol=\"1\" data-scrollwheelzoom=\"1\" data-dragging=\"1\" data-touchzoom=\"1\" data-dbclickzoom=\"1\" data-fitbounds=\"\" data-shape-color=\"rgba(25,143,217,1)\" data-shape-weight=\"3\"><div class=\"awb-openstreet-map-marker awb-openstreet-map-marker-1\" data-latitude=\"53.18935658047235\" data-longitude=\"17.834704282069218\" data-icon=\"fa-map-marker-alt fas\" data-action=\"popup\"><div class=\"awb-openstreet-map-marker-icon-wrapper\" style=\"--awb-size:18px;\"><i class=\"fa-map-marker-alt fas\"><\/i><\/div><div class=\"awb-openstreet-map-content-wrapper\"><h5 class=\"awb-openstreet-map-marker-title\">AgroPark D\u0105br\u00f3wka Nowa<\/h5><div class=\"awb-openstreet-map-marker-content\">ul. Cysterska 10, D\u0105br\u00f3wka Nowa<\/div><\/div><\/div><\/div><\/div><\/div><div class=\"fusion-layout-column fusion_builder_column fusion-builder-column-5 fusion_builder_column_2_3 2_3 fusion-flex-column\" style=\"--awb-bg-size:cover;--awb-width-large:66.666666666667%;--awb-margin-top-large:0px;--awb-spacing-right-large:2.88%;--awb-margin-bottom-large:30px;--awb-spacing-left-large:2.88%;--awb-width-medium:66.666666666667%;--awb-order-medium:0;--awb-spacing-right-medium:2.88%;--awb-spacing-left-medium:2.88%;--awb-width-small:100%;--awb-order-small:0;--awb-spacing-right-small:1.92%;--awb-spacing-left-small:1.92%;\"><div class=\"fusion-column-wrapper fusion-column-has-shadow fusion-flex-justify-content-center fusion-content-layout-column\"><div class=\"fusion-title title fusion-title-3 fusion-sep-none fusion-title-text fusion-title-size-two\" style=\"--awb-text-color:var(--awb-color8);--awb-margin-top:20px;--awb-margin-bottom:20px;--awb-margin-top-small:10px;--awb-margin-right-small:0px;--awb-margin-bottom-small:10px;--awb-margin-left-small:0px;\"><h2 class=\"fusion-title-heading title-heading-left awb-gradient-text fusion-responsive-typography-calculated\" style=\"font-family:Garamond, serif;font-style:normal;font-weight:400;margin:0;background-color:var(--awb-color4);background-image:linear-gradient(150deg, var(--awb-color4) 20%,var(--awb-color8) 100%);--fontSize:48;line-height:var(--awb-typography1-line-height);\"><strong>Lage<\/strong><\/h2><\/div><div class=\"fusion-text fusion-text-4\" style=\"--awb-content-alignment:left;--awb-text-color:#055434;\"><p>AgroPark D\u0105br\u00f3wka Nowa liegt in einer idyllischen, naturreichen Umgebung in unmittelbarer N\u00e4he zu Bydgoszcz. So genie\u00dfen Sie einerseits absolute Ruhe im Gr\u00fcnen, haben aber zugleich eine schnelle Anbindung an die Stadt mit ihren Einkaufsm\u00f6glichkeiten, Restaurants und kulturellen Angeboten.<\/p>\n<p>Die Umgebung mit ihren Seen, W\u00e4ldern und weitl\u00e4ufigen Erholungsgebieten l\u00e4dt zu Spazierg\u00e4ngen, Radtouren, Angelausfl\u00fcgen und weiteren Aktivit\u00e4ten an der frischen Luft ein. Dank der g\u00fcnstigen Lage ist unser Campingplatz ein idealer Ausgangspunkt, um die Region aktiv zu entdecken. <\/p>\n<\/div><div ><a class=\"fusion-button button-flat fusion-button-default-size button-custom fusion-button-default button-1 fusion-button-default-span fusion-button-default-type\" style=\"--button_accent_color:var(--awb-color1);--button_accent_hover_color:var(--awb-color1);--button_border_hover_color:var(--awb-color1);--button-border-radius-top-left:20px;--button-border-radius-top-right:20px;--button-border-radius-bottom-right:20px;--button-border-radius-bottom-left:20px;--button_gradient_top_color:var(--awb-color5);--button_gradient_bottom_color:var(--awb-color5);--button_gradient_top_color_hover:hsla(var(--awb-color5-h),calc(var(--awb-color5-s) - 5%),calc(var(--awb-color5-l) - 10%),var(--awb-color5-a));--button_gradient_bottom_color_hover:hsla(var(--awb-color5-h),calc(var(--awb-color5-s) - 5%),calc(var(--awb-color5-l) - 10%),var(--awb-color5-a));\" target=\"_blank\" rel=\"noopener noreferrer\" href=\"https:\/\/www.google.com\/maps\/dir\/\/AgroPark+D%C4%85br%C3%B3wka+Nowa,+Cysterska+10,+86-014+Bydgoszcz\/@53.189286,17.8319391,510m\/data=!3m1!1e3!4m16!1m7!3m6!1s0x47030fb426a91767:0xdcf70cd7a519e362!2sAgroPark+D%C4%85br%C3%B3wka+Nowa!8m2!3d53.189286!4d17.834514!16s%2Fg%2F11t4jpqrnc!4m7!1m0!1m5!1m1!1s0x47030fb426a91767:0xdcf70cd7a519e362!2m2!1d17.834514!2d53.189286?entry=ttu&amp;g_ep=EgoyMDI1MTIwNy4wIKXMDSoKLDEwMDc5MjA3M0gBUAM%3D\"><span class=\"fusion-button-text awb-button__text awb-button__text--default\">Route planen<\/span><i class=\"fa-arrow-right fas awb-button__icon awb-button__icon--default button-icon-right\" aria-hidden=\"true\"><\/i><\/a><\/div><\/div><\/div><\/div><\/div><\/p>\n","protected":false},"excerpt":{"rendered":"","protected":false},"author":1,"featured_media":0,"parent":0,"menu_order":0,"comment_status":"closed","ping_status":"closed","template":"100-width.php","meta":{"_acf_changed":false,"footnotes":""},"class_list":["post-546","page","type-page","status-publish","hentry"],"acf":[],"_links":{"self":[{"href":"https:\/\/www.agropark-dabrowkanowa.pl\/de\/wp-json\/wp\/v2\/pages\/546","targetHints":{"allow":["GET"]}}],"collection":[{"href":"https:\/\/www.agropark-dabrowkanowa.pl\/de\/wp-json\/wp\/v2\/pages"}],"about":[{"href":"https:\/\/www.agropark-dabrowkanowa.pl\/de\/wp-json\/wp\/v2\/types\/page"}],"author":[{"embeddable":true,"href":"https:\/\/www.agropark-dabrowkanowa.pl\/de\/wp-json\/wp\/v2\/users\/1"}],"replies":[{"embeddable":true,"href":"https:\/\/www.agropark-dabrowkanowa.pl\/de\/wp-json\/wp\/v2\/comments?post=546"}],"version-history":[{"count":23,"href":"https:\/\/www.agropark-dabrowkanowa.pl\/de\/wp-json\/wp\/v2\/pages\/546\/revisions"}],"predecessor-version":[{"id":661,"href":"https:\/\/www.agropark-dabrowkanowa.pl\/de\/wp-json\/wp\/v2\/pages\/546\/revisions\/661"}],"wp:attachment":[{"href":"https:\/\/www.agropark-dabrowkanowa.pl\/de\/wp-json\/wp\/v2\/media?parent=546"}],"curies":[{"name":"wp","href":"https:\/\/api.w.org\/{rel}","templated":true}]}}